{"id":96514,"date":"2025-08-01T13:18:05","date_gmt":"2025-08-01T13:18:05","guid":{"rendered":"https:\/\/hekze.com\/?page_id=96514"},"modified":"2025-08-01T13:19:59","modified_gmt":"2025-08-01T13:19:59","slug":"mentions-legales","status":"publish","type":"page","link":"https:\/\/hekze.com\/?page_id=96514","title":{"rendered":"Mentions L\u00e9gales"},"content":{"rendered":"\t\t<div data-elementor-type=\"wp-page\" data-elementor-id=\"96514\" class=\"elementor elementor-96514\">\n\t\t\t\t<div class=\"elementor-element elementor-element-e689435 e-flex e-con-boxed text-reveal-no e-con e-parent\" data-id=\"e689435\" data-element_type=\"container\">\n\t\t\t\t\t<div class=\"e-con-inner\">\n\t\t\t\t<div class=\"elementor-element elementor-element-189589d elementor-widget elementor-widget-text-editor\" data-id=\"189589d\" data-element_type=\"widget\" data-widget_type=\"text-editor.default\">\n\t\t\t\t\t\t\t\t\t<h3>Pr\u00e9ambule<\/h3><p><strong>L\u2019acc\u00e8s et l\u2019utilisation du pr\u00e9sent site internet sont soumis aux conditions d\u00e9crites ci-dessous ainsi qu\u2019aux lois et\/ou r\u00e8glements applicables.<\/strong><\/p><p>La connexion et l\u2019acc\u00e8s au pr\u00e9sent site internet impliquent l\u2019acceptation int\u00e9grale et sans r\u00e9serve de l\u2019internaute de toutes les dispositions ci-dessous.<\/p><p>HEKZ\u00c9\u00a0se r\u00e9serve le droit de modifier et de mettre \u00e0 jour, sans pr\u00e9avis, les pr\u00e9sentes conditions d\u2019utilisation et tous les \u00e9l\u00e9ments, produits ou services pr\u00e9sent\u00e9s sur le site.<\/p><p>L\u2019ensemble de ces modifications s\u2019impose aux internautes qui doivent consulter les pr\u00e9sentes conditions lors de chaque connexion.<\/p><h3>Identification et publication<\/h3><p>Le pr\u00e9sent site internet est publi\u00e9 par :<\/p><p>HEKZ\u00c9<br \/>Si\u00e8ge social : 29, rue de Lisbonne 75008 Paris<br \/>T\u00e9l. : +33 (0)1 53 43 24 24<\/p><p>Pour contacter HEKZ\u00c9 par email, rendez-vous dans la rubrique\u00a0<a href=\"https:\/\/hekze.com\/?page_id=96488\">Contact<\/a><\/p><p>\u00a0<\/p><p><strong>Forme juridique<br \/><\/strong>GRANT ALEXANDER OPERATING PARTNERS<\/p><p>Soci\u00e9t\u00e9 par actions simplifi\u00e9e au capital de 10.000 euros<\/p><p>Si\u00e8ge\u00a0social : 29, rue de Lisbonne 75008 Paris<\/p><p>RCS Paris\u00a0: 935 043\u00a0125<\/p><p>\u00a0<\/p><p>Le pr\u00e9sent site est la propri\u00e9t\u00e9 de HEKZ\u00c9.<\/p><p>Responsable de la publication : VIVEKA DEVELOPPEMENT repr\u00e9sent\u00e9e par Eric Dodin<\/p><p>L\u2019h\u00e9bergement du site est assur\u00e9 par la soci\u00e9t\u00e9 (informations \u00e0 ajouter par Laure) ayant son si\u00e8ge social adresse.<\/p><h3>Respect des droits de propri\u00e9t\u00e9, des marques et logos<\/h3><p>\u00a0<\/p><p>HEKZ\u00c9 avise les utilisateurs de ce site que les \u00e9l\u00e9ments de ce site :<\/p><p>\u2013 sont prot\u00e9g\u00e9s par la l\u00e9gislation fran\u00e7aise sur les droits d\u2019auteur,<br \/>\u2013 sont prot\u00e9g\u00e9s par la l\u00e9gislation sur les marques.<\/p><p>\u00c0 ce titre, toute reproduction, repr\u00e9sentation, utilisation, adaptation, modification, incorporation, traduction, commercialisation partielles ou int\u00e9grales, de quelque mani\u00e8re, sous quelque forme, par quelque proc\u00e9d\u00e9 et sur quelque support que ce soit (papier, num\u00e9rique\u2026) sont interdites, sans l\u2019autorisation \u00e9crite pr\u00e9alable des propri\u00e9taires du pr\u00e9sent site internet, hormis les exceptions l\u00e9galement admises par le code de la propri\u00e9t\u00e9 intellectuelle, sous peine de contrefa\u00e7on susceptible d\u2019entra\u00eener une peine d\u2019emprisonnement et une amende substantielle.<\/p><p>Tous les droits de reproduction sont r\u00e9serv\u00e9s, y compris pour les documents t\u00e9l\u00e9chargeables et les repr\u00e9sentations iconographiques et photographiques.<\/p><p>Les marques, noms commerciaux et logos figurant sur ce site sont des marques d\u00e9pos\u00e9es, sauf mention contraire. Toute reproduction totale ou partielle des marques ou logos, effectu\u00e9e \u00e0 partir des \u00e9l\u00e9ments du site, sans l\u2019autorisation expresse de HEKZ\u00c9, est donc prohib\u00e9e.<br \/>HEKZ\u00c9 ne saurait \u00eatre tenu responsable des contenus de toute nature disponibles sur les sites Web avec lesquels un lien hypertexte existe, ni de l\u2019usage qui peut en \u00eatre fait.<\/p><h3>Liens hypertextes et avertissement aux utilisateurs<\/h3><p>La mise en place d\u2019un lien hypertexte vers le pr\u00e9sent site n\u00e9cessite une autorisation pr\u00e9alable et \u00e9crite de HEKZ\u00c9. Elle ne pourra \u00eatre r\u00e9alis\u00e9e que vers l\u2019adresse de la page d\u2019accueil du site www.hekze.com et, dans la mesure du possible, sous r\u00e9serve de l\u2019int\u00e9gration d\u2019un logo.<\/p><p>Tout lien de ce type interviendra sous r\u00e9serve des dispositions l\u00e9gales en vigueur. HEKZ\u00c9\u00a0se r\u00e9serve la possibilit\u00e9, \u00e0 tout moment, sans pr\u00e9avis et sans avoir \u00e0 motiver sa d\u00e9cision, d\u2019interdire ces liens. Dans ce cas, il informera la personne concern\u00e9e qui disposera de 2 jours ouvr\u00e9s pour mettre fin au lien.<\/p><p>En tout \u00e9tat de cause, HEKZ\u00c9\u00a0n\u2019est en aucun cas tenu responsable du contenu ainsi que des produits ou services propos\u00e9s sur les sites auxquels le pr\u00e9sent site se trouverait li\u00e9 par des liens hypertextes ou tout autre type de liens.<\/p><p>HEKZ\u00c9\u00a0d\u00e9cline toute responsabilit\u00e9 concernant le contenu disponible sur les autres sites internet accessibles depuis le pr\u00e9sent site internet.<\/p><p>\u00a0<\/p><h3>RESPONSABILIT\u00c9\u00a0<\/h3><p>Malgr\u00e9 les soins apport\u00e9s par HEKZ\u00c9, les informations contenues dans ce site sont donn\u00e9es \u00e0 titre indicatif et sont sujettes \u00e0 changement sans pr\u00e9avis. En cons\u00e9quence, l\u2019utilisateur reconna\u00eet utiliser ces informations sous sa responsabilit\u00e9 exclusive et accepter les pr\u00e9sentes conditions d\u2019utilisation. La responsabilit\u00e9 de HEKZ\u00c9\u00a0ne pourra en aucun cas \u00eatre engag\u00e9e du fait des cons\u00e9quences de l\u2019utilisation par le client des informations transmises.<\/p><p>HEKZ\u00c9\u00a0ne peut \u00eatre tenu pour responsable des dommages, ind\u00e9pendants de son fait, r\u00e9sultant de tout code malveillant de type virus quelle qu\u2019en soit la forme, de bug(s), ou de tout programme ou application qui serait incompatible avec l\u2019infrastructure utilis\u00e9e par l\u2019utilisateur, ni des dommages subis par l\u2019utilisateur par le fait d\u2019une panne, interruption ou erreur, \u00e9volution, remise en \u00e9tat, contr\u00f4le, maintenance, probl\u00e8me technique, coupure du r\u00e9seau t\u00e9l\u00e9phonique, ou des r\u00e9seaux ou services li\u00e9es, surcharge, n\u00e9gligence ou faute de tiers ou de l\u2019utilisateur, ainsi qu\u2019en cas d\u2019\u00e9v\u00e8nements ind\u00e9pendants de la volont\u00e9 du pr\u00e9sent site internet.<\/p><p>\u00a0<\/p><h3>LIMITATION DE RESPONSABILIT\u00c9\u00a0<\/h3><p>HEKZ\u00c9\u00a0ne pourra \u00eatre tenu pour responsable de tout dommage direct ou indirect, y compris la perte de donn\u00e9es, de b\u00e9n\u00e9fices et d\u2019interruption d\u2019activit\u00e9, r\u00e9sultant d\u2019une visite sur le site, de l\u2019utilisation ou de l\u2019impossibilit\u00e9 d\u2019utiliser le contenu de ce site.<\/p><p>\u00a0<\/p><p>Loi applicable et ind\u00e9pendance des clauses<\/p><p>\u00a0<\/p><p>Toute difficult\u00e9, r\u00e9clamation ou litige provenant ou li\u00e9(e) aux pr\u00e9sentes conditions d\u2019utilisation sera r\u00e9gi(e) par la loi fran\u00e7aise. Le Tribunal de Commerce de Paris sera seul comp\u00e9tent.<\/p><p>Au cas o\u00f9 l\u2019une de ces conditions d\u2019utilisation devait \u00eatre tenue pour ill\u00e9gale, invalide ou inapplicable, en application d\u2019une loi, d\u2019un r\u00e8glement ou \u00e0 la suite d\u2019une d\u00e9cision d\u00e9finitive d\u2019une juridiction comp\u00e9tente, les dispositions restantes resteront en vigueur.<\/p><p>\u00a0<\/p><p>Cr\u00e9dits photos : Unsplash<\/p>\t\t\t\t\t\t\t\t<\/div>\n\t\t\t\t\t<\/div>\n\t\t\t\t<\/div>\n\t\t\t\t<\/div>\n\t\t","protected":false},"excerpt":{"rendered":"<p>Pr\u00e9ambule L\u2019acc\u00e8s et l\u2019utilisation du pr\u00e9sent site internet sont soumis aux conditions d\u00e9crites ci-dessous ainsi qu\u2019aux lois et\/ou r\u00e8glements applicables. La connexion et l\u2019acc\u00e8s au pr\u00e9sent site..<\/p>\n","protected":false},"author":2,"featured_media":0,"parent":0,"menu_order":0,"comment_status":"closed","ping_status":"closed","template":"","meta":{"content-type":"","footnotes":""},"class_list":["post-96514","page","type-page","status-publish","hentry"],"yoast_head":"<!-- This site is optimized with the Yoast SEO plugin v25.4 - https:\/\/yoast.com\/wordpress\/plugins\/seo\/ -->\n<title>Mentions L\u00e9gales - Hekze<\/title>\n<meta name=\"robots\" content=\"index, follow, max-snippet:-1, max-image-preview:large, max-video-preview:-1\" \/>\n<link rel=\"canonical\" href=\"https:\/\/hekze.com\/?page_id=96514\" \/>\n<meta property=\"og:locale\" content=\"fr_FR\" \/>\n<meta property=\"og:type\" content=\"article\" \/>\n<meta property=\"og:title\" content=\"Mentions L\u00e9gales - Hekze\" \/>\n<meta property=\"og:description\" content=\"Pr\u00e9ambule L\u2019acc\u00e8s et l\u2019utilisation du pr\u00e9sent site internet sont soumis aux conditions d\u00e9crites ci-dessous ainsi qu\u2019aux lois et\/ou r\u00e8glements applicables. La connexion et l\u2019acc\u00e8s au pr\u00e9sent site..\" \/>\n<meta property=\"og:url\" content=\"https:\/\/hekze.com\/?page_id=96514\" \/>\n<meta property=\"og:site_name\" content=\"Hekze\" \/>\n<meta property=\"article:modified_time\" content=\"2025-08-01T13:19:59+00:00\" \/>\n<meta name=\"twitter:card\" content=\"summary_large_image\" \/>\n<meta name=\"twitter:label1\" content=\"Dur\u00e9e de lecture estim\u00e9e\" \/>\n\t<meta name=\"twitter:data1\" content=\"5 minutes\" \/>\n<script type=\"application\/ld+json\" class=\"yoast-schema-graph\">{\"@context\":\"https:\/\/schema.org\",\"@graph\":[{\"@type\":\"WebPage\",\"@id\":\"https:\/\/hekze.com\/?page_id=96514\",\"url\":\"https:\/\/hekze.com\/?page_id=96514\",\"name\":\"Mentions L\u00e9gales - Hekze\",\"isPartOf\":{\"@id\":\"https:\/\/hekze.com\/#website\"},\"datePublished\":\"2025-08-01T13:18:05+00:00\",\"dateModified\":\"2025-08-01T13:19:59+00:00\",\"breadcrumb\":{\"@id\":\"https:\/\/hekze.com\/?page_id=96514#breadcrumb\"},\"inLanguage\":\"fr-FR\",\"potentialAction\":[{\"@type\":\"ReadAction\",\"target\":[\"https:\/\/hekze.com\/?page_id=96514\"]}]},{\"@type\":\"BreadcrumbList\",\"@id\":\"https:\/\/hekze.com\/?page_id=96514#breadcrumb\",\"itemListElement\":[{\"@type\":\"ListItem\",\"position\":1,\"name\":\"Home\",\"item\":\"https:\/\/hekze.com\/\"},{\"@type\":\"ListItem\",\"position\":2,\"name\":\"Mentions L\u00e9gales\"}]},{\"@type\":\"WebSite\",\"@id\":\"https:\/\/hekze.com\/#website\",\"url\":\"https:\/\/hekze.com\/\",\"name\":\"Hekze\",\"description\":\"Value Creation Partner\",\"potentialAction\":[{\"@type\":\"SearchAction\",\"target\":{\"@type\":\"EntryPoint\",\"urlTemplate\":\"https:\/\/hekze.com\/?s={search_term_string}\"},\"query-input\":{\"@type\":\"PropertyValueSpecification\",\"valueRequired\":true,\"valueName\":\"search_term_string\"}}],\"inLanguage\":\"fr-FR\"}]}<\/script>\n<!-- \/ Yoast SEO plugin. -->","yoast_head_json":{"title":"Mentions L\u00e9gales - Hekze","robots":{"index":"index","follow":"follow","max-snippet":"max-snippet:-1","max-image-preview":"max-image-preview:large","max-video-preview":"max-video-preview:-1"},"canonical":"https:\/\/hekze.com\/?page_id=96514","og_locale":"fr_FR","og_type":"article","og_title":"Mentions L\u00e9gales - Hekze","og_description":"Pr\u00e9ambule L\u2019acc\u00e8s et l\u2019utilisation du pr\u00e9sent site internet sont soumis aux conditions d\u00e9crites ci-dessous ainsi qu\u2019aux lois et\/ou r\u00e8glements applicables. La connexion et l\u2019acc\u00e8s au pr\u00e9sent site..","og_url":"https:\/\/hekze.com\/?page_id=96514","og_site_name":"Hekze","article_modified_time":"2025-08-01T13:19:59+00:00","twitter_card":"summary_large_image","twitter_misc":{"Dur\u00e9e de lecture estim\u00e9e":"5 minutes"},"schema":{"@context":"https:\/\/schema.org","@graph":[{"@type":"WebPage","@id":"https:\/\/hekze.com\/?page_id=96514","url":"https:\/\/hekze.com\/?page_id=96514","name":"Mentions L\u00e9gales - Hekze","isPartOf":{"@id":"https:\/\/hekze.com\/#website"},"datePublished":"2025-08-01T13:18:05+00:00","dateModified":"2025-08-01T13:19:59+00:00","breadcrumb":{"@id":"https:\/\/hekze.com\/?page_id=96514#breadcrumb"},"inLanguage":"fr-FR","potentialAction":[{"@type":"ReadAction","target":["https:\/\/hekze.com\/?page_id=96514"]}]},{"@type":"BreadcrumbList","@id":"https:\/\/hekze.com\/?page_id=96514#breadcrumb","itemListElement":[{"@type":"ListItem","position":1,"name":"Home","item":"https:\/\/hekze.com\/"},{"@type":"ListItem","position":2,"name":"Mentions L\u00e9gales"}]},{"@type":"WebSite","@id":"https:\/\/hekze.com\/#website","url":"https:\/\/hekze.com\/","name":"Hekze","description":"Value Creation Partner","potentialAction":[{"@type":"SearchAction","target":{"@type":"EntryPoint","urlTemplate":"https:\/\/hekze.com\/?s={search_term_string}"},"query-input":{"@type":"PropertyValueSpecification","valueRequired":true,"valueName":"search_term_string"}}],"inLanguage":"fr-FR"}]}},"_links":{"self":[{"href":"https:\/\/hekze.com\/index.php?rest_route=\/wp\/v2\/pages\/96514","targetHints":{"allow":["GET"]}}],"collection":[{"href":"https:\/\/hekze.com\/index.php?rest_route=\/wp\/v2\/pages"}],"about":[{"href":"https:\/\/hekze.com\/index.php?rest_route=\/wp\/v2\/types\/page"}],"author":[{"embeddable":true,"href":"https:\/\/hekze.com\/index.php?rest_route=\/wp\/v2\/users\/2"}],"replies":[{"embeddable":true,"href":"https:\/\/hekze.com\/index.php?rest_route=%2Fwp%2Fv2%2Fcomments&post=96514"}],"version-history":[{"count":5,"href":"https:\/\/hekze.com\/index.php?rest_route=\/wp\/v2\/pages\/96514\/revisions"}],"predecessor-version":[{"id":96519,"href":"https:\/\/hekze.com\/index.php?rest_route=\/wp\/v2\/pages\/96514\/revisions\/96519"}],"wp:attachment":[{"href":"https:\/\/hekze.com\/index.php?rest_route=%2Fwp%2Fv2%2Fmedia&parent=96514"}],"curies":[{"name":"wp","href":"https:\/\/api.w.org\/{rel}","templated":true}]}}