{"id":96549,"date":"2025-08-07T16:42:00","date_gmt":"2025-08-07T16:42:00","guid":{"rendered":"https:\/\/hekze.com\/?page_id=96549"},"modified":"2025-08-07T16:43:20","modified_gmt":"2025-08-07T16:43:20","slug":"contact-us","status":"publish","type":"page","link":"https:\/\/hekze.com\/?page_id=96549&lang=en","title":{"rendered":"Contact Us"},"content":{"rendered":"\t\t<div data-elementor-type=\"wp-page\" data-elementor-id=\"96549\" class=\"elementor elementor-96549\">\n\t\t\t\t<div class=\"elementor-element elementor-element-d2ad2ce e-con-full e-flex text-reveal-no e-con e-parent\" data-id=\"d2ad2ce\" data-element_type=\"container\">\n\t\t\t\t<div class=\"elementor-element elementor-element-df2610c cea-align-center elementor-widget elementor-widget-ceasectiontitle\" data-id=\"df2610c\" data-element_type=\"widget\" data-widget_type=\"ceasectiontitle.default\">\n\t\t\t\t<div class=\"elementor-widget-container\">\n\t\t\t\t\t<div class=\"section-title-wrapper\"><div class=\"title-wrap\"><h2 class=\"section-title none\" data-animation=\"none\">Let\u2019s talk about your challenges.<\/h2><\/div><!-- .title-wrap --><div class=\"section-description\"><\/div><!-- .section-description --><\/div><!-- .section-title-wrapper -->\t\t\t\t<\/div>\n\t\t\t\t<\/div>\n\t\t\t\t<div class=\"elementor-element elementor-element-d6015e5 elementor-widget elementor-widget-hubspot-form\" data-id=\"d6015e5\" data-element_type=\"widget\" data-widget_type=\"hubspot-form.default\">\n\t\t\t\t<div class=\"elementor-widget-container\">\n\t\t\t\t\t\n\t\t\t\t\t\t<script>\n\t\t\t\t\t\t\twindow.hsFormsOnReady = window.hsFormsOnReady || [];\n\t\t\t\t\t\t\twindow.hsFormsOnReady.push(()=>{\n\t\t\t\t\t\t\t\thbspt.forms.create({\n\t\t\t\t\t\t\t\t\tportalId: 27227639,\n\t\t\t\t\t\t\t\t\tformId: \"a01e0044-8f76-4f6b-bd4c-a40cf355b0ba\",\n\t\t\t\t\t\t\t\t\ttarget: \"#hbspt-form-1776164154000-7619862001\",\n\t\t\t\t\t\t\t\t\tregion: \"eu1\",\n\t\t\t\t\t\t\t\t\t\n\t\t\t\t\t\t\t})});\n\t\t\t\t\t\t<\/script>\n\t\t\t\t\t\t<div class=\"hbspt-form\" id=\"hbspt-form-1776164154000-7619862001\"><\/div>\t\t\t\t<\/div>\n\t\t\t\t<\/div>\n\t\t\t\t<\/div>\n\t\t\t\t<\/div>\n\t\t","protected":false},"excerpt":{"rendered":"<p>Let\u2019s talk about your challenges.<\/p>\n","protected":false},"author":2,"featured_media":0,"parent":0,"menu_order":0,"comment_status":"closed","ping_status":"closed","template":"","meta":{"content-type":"","footnotes":""},"class_list":["post-96549","page","type-page","status-publish","hentry"],"yoast_head":"<!-- This site is optimized with the Yoast SEO plugin v25.4 - https:\/\/yoast.com\/wordpress\/plugins\/seo\/ -->\n<title>Contact Us - Hekze<\/title>\n<meta name=\"description\" content=\"Hekze accompagne dirigeants et entreprises en strat\u00e9gie, communication et influence. Contactez notre \u00e9quipe via ce formulaire d\u00e9di\u00e9.\" \/>\n<meta name=\"robots\" content=\"index, follow, max-snippet:-1, max-image-preview:large, max-video-preview:-1\" \/>\n<link rel=\"canonical\" href=\"https:\/\/hekze.com\/?page_id=96549&lang=en\" \/>\n<meta property=\"og:locale\" content=\"fr_FR\" \/>\n<meta property=\"og:type\" content=\"article\" \/>\n<meta property=\"og:title\" content=\"Contact Us - Hekze\" \/>\n<meta property=\"og:description\" content=\"Hekze accompagne dirigeants et entreprises en strat\u00e9gie, communication et influence. Contactez notre \u00e9quipe via ce formulaire d\u00e9di\u00e9.\" \/>\n<meta property=\"og:url\" content=\"https:\/\/hekze.com\/?page_id=96549&amp;lang=en\" \/>\n<meta property=\"og:site_name\" content=\"Hekze\" \/>\n<meta property=\"article:modified_time\" content=\"2025-08-07T16:43:20+00:00\" \/>\n<meta name=\"twitter:card\" content=\"summary_large_image\" \/>\n<meta name=\"twitter:label1\" content=\"Dur\u00e9e de lecture estim\u00e9e\" \/>\n\t<meta name=\"twitter:data1\" content=\"1 minute\" \/>\n<script type=\"application\/ld+json\" class=\"yoast-schema-graph\">{\"@context\":\"https:\/\/schema.org\",\"@graph\":[{\"@type\":\"WebPage\",\"@id\":\"https:\/\/hekze.com\/?page_id=96549&lang=en\",\"url\":\"https:\/\/hekze.com\/?page_id=96549&lang=en\",\"name\":\"Contact Us - Hekze\",\"isPartOf\":{\"@id\":\"https:\/\/hekze.com\/#website\"},\"datePublished\":\"2025-08-07T16:42:00+00:00\",\"dateModified\":\"2025-08-07T16:43:20+00:00\",\"description\":\"Hekze accompagne dirigeants et entreprises en strat\u00e9gie, communication et influence. Contactez notre \u00e9quipe via ce formulaire d\u00e9di\u00e9.\",\"breadcrumb\":{\"@id\":\"https:\/\/hekze.com\/?page_id=96549&lang=en#breadcrumb\"},\"inLanguage\":\"fr-FR\",\"potentialAction\":[{\"@type\":\"ReadAction\",\"target\":[\"https:\/\/hekze.com\/?page_id=96549&lang=en\"]}]},{\"@type\":\"BreadcrumbList\",\"@id\":\"https:\/\/hekze.com\/?page_id=96549&lang=en#breadcrumb\",\"itemListElement\":[{\"@type\":\"ListItem\",\"position\":1,\"name\":\"Home\",\"item\":\"https:\/\/hekze.com\/\"},{\"@type\":\"ListItem\",\"position\":2,\"name\":\"Contact Us\"}]},{\"@type\":\"WebSite\",\"@id\":\"https:\/\/hekze.com\/#website\",\"url\":\"https:\/\/hekze.com\/\",\"name\":\"Hekze\",\"description\":\"Value Creation Partner\",\"potentialAction\":[{\"@type\":\"SearchAction\",\"target\":{\"@type\":\"EntryPoint\",\"urlTemplate\":\"https:\/\/hekze.com\/?s={search_term_string}\"},\"query-input\":{\"@type\":\"PropertyValueSpecification\",\"valueRequired\":true,\"valueName\":\"search_term_string\"}}],\"inLanguage\":\"fr-FR\"}]}<\/script>\n<!-- \/ Yoast SEO plugin. -->","yoast_head_json":{"title":"Contact Us - Hekze","description":"Hekze accompagne dirigeants et entreprises en strat\u00e9gie, communication et influence. Contactez notre \u00e9quipe via ce formulaire d\u00e9di\u00e9.","robots":{"index":"index","follow":"follow","max-snippet":"max-snippet:-1","max-image-preview":"max-image-preview:large","max-video-preview":"max-video-preview:-1"},"canonical":"https:\/\/hekze.com\/?page_id=96549&lang=en","og_locale":"fr_FR","og_type":"article","og_title":"Contact Us - Hekze","og_description":"Hekze accompagne dirigeants et entreprises en strat\u00e9gie, communication et influence. Contactez notre \u00e9quipe via ce formulaire d\u00e9di\u00e9.","og_url":"https:\/\/hekze.com\/?page_id=96549&lang=en","og_site_name":"Hekze","article_modified_time":"2025-08-07T16:43:20+00:00","twitter_card":"summary_large_image","twitter_misc":{"Dur\u00e9e de lecture estim\u00e9e":"1 minute"},"schema":{"@context":"https:\/\/schema.org","@graph":[{"@type":"WebPage","@id":"https:\/\/hekze.com\/?page_id=96549&lang=en","url":"https:\/\/hekze.com\/?page_id=96549&lang=en","name":"Contact Us - Hekze","isPartOf":{"@id":"https:\/\/hekze.com\/#website"},"datePublished":"2025-08-07T16:42:00+00:00","dateModified":"2025-08-07T16:43:20+00:00","description":"Hekze accompagne dirigeants et entreprises en strat\u00e9gie, communication et influence. Contactez notre \u00e9quipe via ce formulaire d\u00e9di\u00e9.","breadcrumb":{"@id":"https:\/\/hekze.com\/?page_id=96549&lang=en#breadcrumb"},"inLanguage":"fr-FR","potentialAction":[{"@type":"ReadAction","target":["https:\/\/hekze.com\/?page_id=96549&lang=en"]}]},{"@type":"BreadcrumbList","@id":"https:\/\/hekze.com\/?page_id=96549&lang=en#breadcrumb","itemListElement":[{"@type":"ListItem","position":1,"name":"Home","item":"https:\/\/hekze.com\/"},{"@type":"ListItem","position":2,"name":"Contact Us"}]},{"@type":"WebSite","@id":"https:\/\/hekze.com\/#website","url":"https:\/\/hekze.com\/","name":"Hekze","description":"Value Creation Partner","potentialAction":[{"@type":"SearchAction","target":{"@type":"EntryPoint","urlTemplate":"https:\/\/hekze.com\/?s={search_term_string}"},"query-input":{"@type":"PropertyValueSpecification","valueRequired":true,"valueName":"search_term_string"}}],"inLanguage":"fr-FR"}]}},"_links":{"self":[{"href":"https:\/\/hekze.com\/index.php?rest_route=\/wp\/v2\/pages\/96549","targetHints":{"allow":["GET"]}}],"collection":[{"href":"https:\/\/hekze.com\/index.php?rest_route=\/wp\/v2\/pages"}],"about":[{"href":"https:\/\/hekze.com\/index.php?rest_route=\/wp\/v2\/types\/page"}],"author":[{"embeddable":true,"href":"https:\/\/hekze.com\/index.php?rest_route=\/wp\/v2\/users\/2"}],"replies":[{"embeddable":true,"href":"https:\/\/hekze.com\/index.php?rest_route=%2Fwp%2Fv2%2Fcomments&post=96549"}],"version-history":[{"count":4,"href":"https:\/\/hekze.com\/index.php?rest_route=\/wp\/v2\/pages\/96549\/revisions"}],"predecessor-version":[{"id":96553,"href":"https:\/\/hekze.com\/index.php?rest_route=\/wp\/v2\/pages\/96549\/revisions\/96553"}],"wp:attachment":[{"href":"https:\/\/hekze.com\/index.php?rest_route=%2Fwp%2Fv2%2Fmedia&parent=96549"}],"curies":[{"name":"wp","href":"https:\/\/api.w.org\/{rel}","templated":true}]}}